{"id":948,"date":"2020-07-01T12:15:07","date_gmt":"2020-07-01T10:15:07","guid":{"rendered":"http:\/\/elopoppins.com\/?page_id=948"},"modified":"2024-03-04T13:14:23","modified_gmt":"2024-03-04T12:14:23","slug":"p-a-b-parole-au-bebe","status":"publish","type":"page","link":"https:\/\/elopoppins.com\/index.php\/p-a-b-parole-au-bebe\/","title":{"rendered":"P.A.B. Parole Au B\u00e9b\u00e9"},"content":{"rendered":"<div class=\"wp-block-image\">\n<figure class=\"aligncenter size-large\"><img loading=\"lazy\" decoding=\"async\" width=\"409\" height=\"354\" src=\"https:\/\/elopoppins.com\/wp-content\/uploads\/2020\/07\/PAB.jpg\" alt=\"\" class=\"wp-image-949\" srcset=\"https:\/\/elopoppins.com\/wp-content\/uploads\/2020\/07\/PAB.jpg 409w, https:\/\/elopoppins.com\/wp-content\/uploads\/2020\/07\/PAB-300x260.jpg 300w\" sizes=\"(max-width: 409px) 100vw, 409px\" \/><\/figure><\/div>\n\n\n<h4 class=\"wp-block-heading\">Qu\u2019est-ce qu\u2019une s\u00e9ance de P.A.B. (Parole au b\u00e9b\u00e9)&nbsp;?<\/h4>\n\n\n\n<p class=\"has-background\" style=\"background-color:#e5f2fa\">C\u2019est un espace o\u00f9 l\u2019enfant peut s\u2019exprimer et \u00eatre compris.<br>C\u2019est un moment pour lui o\u00f9 il peut transmettre ce qu\u2019il a envie gr\u00e2ce \u00e0 l\u2019aide d\u2019une traductrice.<br>Ce n\u2019est pas un moment o\u00f9 l\u2019on va essayer de changer le comportement de l\u2019enfant ni de le soigner. <br>Nous lui offrons une pr\u00e9sence et une \u00e9coute, entour\u00e9 d\u2019au-moins un de ses parents et d\u2019une traductrice, en l\u2019occurrence moi.<\/p>\n\n\n\n<h4 class=\"wp-block-heading\">Quels sont les objectifs d\u2019une s\u00e9ance de P.A.B.&nbsp;?<\/h4>\n\n\n\n<p>Les objectifs d\u2019une s\u00e9ance de P.A.B. sont de permettre au <strong>B\u00c9B\u00c9<\/strong> de&nbsp;:<\/p>\n\n\n\n<ol type=\"1\">\n<li>Partager avec ses proches ce qu\u2019il souhaite leur faire savoir<\/li>\n\n\n\n<li>Se sentir \u00e9cout\u00e9, entendu et compris<\/li>\n\n\n\n<li>S\u2019exprimer et vivre un \u00e9tat \u00e9motionnel en \u00e9tant accompagn\u00e9 consciemment<\/li>\n\n\n\n<li>Se sentir accueilli, aim\u00e9 et en s\u00e9curit\u00e9<\/li>\n\n\n\n<li>Prendre conscience, corriger et remplacer certaines interpr\u00e9tations fausses qu\u2019il a faites<\/li>\n\n\n\n<li>D\u00e9velopper son potentiel \u00e0 tous les niveaux (spirituel, mental, \u00e9motionnel, physique, relationnel, etc.)<\/li>\n\n\n\n<li>S\u2019\u00e9panouir et s\u2019accomplir pleinement<\/li>\n\n\n\n<li>Donner un sens constructif \u00e0 sa vie, \u00e0 ses d\u00e9fis, ses difficult\u00e9s, ses souffrances et ses bonheurs<\/li>\n\n\n\n<li>Apprendre \u00e0 \u2018\u2019g\u00e9rer\u2019&rsquo; ses \u00e9motions<\/li>\n\n\n\n<li>Apprendre \u00e0 s\u2019aimer et \u00e0 faire circuler l\u2019amour entre lui-m\u00eame et son environnement<\/li>\n\n\n\n<li>Prendre conscience des causes \u00e0 la racine de ses d\u00e9fis, ses difficult\u00e9s, ses souffrances<\/li>\n\n\n\n<li>Prendre conscience de ses \u00e9motions et de ses croyances ; celles de sa personnalit\u00e9 et celles de son \u00e2me<\/li>\n\n\n\n<li>Passer \u00e0 l\u2019action pour atteindre ses objectifs d\u2019\u00e2me et de personnalit\u00e9<\/li>\n\n\n\n<li>Int\u00e9grer les souffrances qui ne l\u2019ont pas \u00e9t\u00e9<\/li>\n<\/ol>\n\n\n\n<h3 class=\"wp-block-heading\">Quel est mon champ d&rsquo;action?<\/h3>\n\n\n\n<ul>\n<li>Votre enfant rencontre des difficult\u00e9s de sommeil<\/li>\n\n\n\n<li>Votre enfant refuse de manger<\/li>\n\n\n\n<li>Votre enfant pleure \u00e9norm\u00e9ment et vous sentez qu&rsquo;il y a quelque chose<\/li>\n\n\n\n<li>Votre enfant pr\u00e9sente une ou plusieurs allergies<\/li>\n\n\n\n<li>Votre enfant est r\u00e9guli\u00e8rement malade (par exemple otite r\u00e9currente)<\/li>\n\n\n\n<li>Votre enfant pr\u00e9sente une maladie de la peau, par exemple l&rsquo;ecz\u00e9ma<\/li>\n\n\n\n<li>Votre enfant a une malformation<\/li>\n\n\n\n<li>Votre enfant est atteint d&rsquo;une maladie g\u00e9n\u00e9tique<\/li>\n\n\n\n<li>Votre enfant a un comportement violent<\/li>\n\n\n\n<li>Votre enfant adopte un comportement auto-destructeur<\/li>\n\n\n\n<li>Votre enfant pr\u00e9sente de la constipation chronique ou un autre trouble digestif<\/li>\n\n\n\n<li>Vous \u00eates enceinte et pr\u00e9sentez un sympt\u00f4me de grossesse<\/li>\n\n\n\n<li>Votre b\u00e9b\u00e9 en gestation est mal positionn\u00e9 ou pr\u00e9sente un sympt\u00f4me<\/li>\n\n\n\n<li>Vous avez de la difficult\u00e9 \u00e0 concevoir un enfant<\/li>\n\n\n\n<li>Vous \u00eates en deuil d&rsquo;un enfant et d\u00e9sirez comprendre et accueillir ce d\u00e9part<\/li>\n\n\n\n<li>Vous d\u00e9sirez offrir un espace de parole \u00e0 votre enfant et favoriser votre lien<\/li>\n\n\n\n<li>etc&#8230;<\/li>\n<\/ul>\n\n\n\n<h4 class=\"wp-block-heading\">Les objectifs d\u2019une s\u00e9ance de P.A.B. sont de permettre \u00e0 chaque <strong>PARENT<\/strong> de&nbsp;:<\/h4>\n\n\n\n<ol type=\"1\">\n<li>Accueillir ce que vit son b\u00e9b\u00e9<\/li>\n\n\n\n<li>Comprendre ce que son b\u00e9b\u00e9 vit et souhaite lui faire savoir<\/li>\n\n\n\n<li>Apprendre \u00e0 \u00e9couter et comprendre son b\u00e9b\u00e9<\/li>\n\n\n\n<li>Apprendre \u00e0 aimer et accompagner son b\u00e9b\u00e9 selon ses besoins personnels, individuels pr\u00e9cis<\/li>\n\n\n\n<li>Prendre conscience et remplacer certaines interpr\u00e9tations fausses qu\u2019il a \u00e0 son propre sujet en tant que parent et au sujet de son b\u00e9b\u00e9<\/li>\n\n\n\n<li>Accompagner son b\u00e9b\u00e9 vers son \u00e9panouissement<\/li>\n\n\n\n<li>Trouver un sens constructif \u00e0 ce qui touche son b\u00e9b\u00e9 et au fait d\u2019\u00eatre son parent<\/li>\n\n\n\n<li>Apprendre \u00e0 \u2018\u2019g\u00e9rer\u2019&rsquo; les \u00e9motions de son b\u00e9b\u00e9 et les siennes en tant que parent<\/li>\n\n\n\n<li>Apprendre \u00e0 laisser circuler l\u2019amour entre lui-m\u00eame et son b\u00e9b\u00e9<\/li>\n\n\n\n<li>Prendre conscience des racines des d\u00e9fis, des difficult\u00e9s et des souffrances de son b\u00e9b\u00e9 et de ses propres d\u00e9fis de parent<\/li>\n\n\n\n<li>Prendre conscience des \u00e9motions et des croyances de son b\u00e9b\u00e9 : celles de sa personnalit\u00e9 et celles de son \u00e2me <\/li>\n\n\n\n<li>Accompagner consciemment son b\u00e9b\u00e9<\/li>\n\n\n\n<li>Passer \u00e0 l\u2019action pour aider son b\u00e9b\u00e9 \u00e0 atteindre ses objectifs d\u2019\u00e2me et de personnalit\u00e9.<\/li>\n<\/ol>\n\n\n\n<h3 class=\"wp-block-heading\">Comment se d\u00e9roule une s\u00e9ance de P.A.B.?<\/h3>\n\n\n\n<p class=\"has-background\" style=\"background-color:#e5f2fa\">Je pose des question \u00e0 la \u00ab\u00a0Sagesse\u00a0\u00bb.<br>La \u00ab\u00a0Sagesse\u00a0\u00bb, c&rsquo;est le grand TOUT qui sait tout sur tout, sur l&rsquo;\u00e2me, la personnalit\u00e9, le plan physique, \u00e9motionnel, les croyances de l&rsquo;enfant et de son entourage.<br>Je pose des questions ferm\u00e9es et, via le test musculaire sur le bras d&rsquo;un des deux parents, j&rsquo;obtiens des r\u00e9ponses \u00ab\u00a0oui\u00a0\u00bb = c&rsquo;est la bonne direction \u00e0 prendre aujourd&rsquo;hui ou \u00ab\u00a0non\u00a0\u00bb = \u00e7a n&rsquo;est pas la bonne direction \u00e0 prendre aujourd&rsquo;hui.<br>Avec cela, on construit pas-\u00e0-pas une phrase d&rsquo;\u00e9motion puis de croyance limitante. On creuse pour aller chercher l&rsquo;\u00e9motion de base et la m\u00eame chose pour la croyance de base. On accueille ce que vit l&rsquo;enfant (une partie de sa personnalit\u00e9 ou de son \u00e2me, l&rsquo;enfant vit en m\u00eame temps plusieurs choses, tout comme l&rsquo;adulte \u00e7a n&rsquo;est pas tout lui qui vit cette \u00e9motion et cette croyance). Puis, on va voir le besoin de l&rsquo;enfant ou de l&rsquo;\u00e2me et les actions qui permettront de le combler, \u00e0 mettre en place \u00e0 la maison.<\/p>\n\n\n<div class=\"wp-block-image\">\n<figure class=\"aligncenter size-large\"><img loading=\"lazy\" decoding=\"async\" width=\"1024\" height=\"1024\" src=\"https:\/\/elopoppins.com\/wp-content\/uploads\/2024\/03\/PABtarifs2403-1024x1024.jpeg\" alt=\"\" class=\"wp-image-1297\" srcset=\"https:\/\/elopoppins.com\/wp-content\/uploads\/2024\/03\/PABtarifs2403-1024x1024.jpeg 1024w, https:\/\/elopoppins.com\/wp-content\/uploads\/2024\/03\/PABtarifs2403-300x300.jpeg 300w, https:\/\/elopoppins.com\/wp-content\/uploads\/2024\/03\/PABtarifs2403-150x150.jpeg 150w, https:\/\/elopoppins.com\/wp-content\/uploads\/2024\/03\/PABtarifs2403-768x768.jpeg 768w, https:\/\/elopoppins.com\/wp-content\/uploads\/2024\/03\/PABtarifs2403-250x250.jpeg 250w, https:\/\/elopoppins.com\/wp-content\/uploads\/2024\/03\/PABtarifs2403-174x174.jpeg 174w, https:\/\/elopoppins.com\/wp-content\/uploads\/2024\/03\/PABtarifs2403.jpeg 1080w\" sizes=\"(max-width: 1024px) 100vw, 1024px\" \/><\/figure><\/div>\n\n<div class=\"wp-block-image\">\n<figure class=\"aligncenter size-large\"><img loading=\"lazy\" decoding=\"async\" width=\"1024\" height=\"791\" src=\"https:\/\/elopoppins.com\/wp-content\/uploads\/2021\/12\/diplomeElodieS-1024x791.jpg\" alt=\"\" class=\"wp-image-1133\" srcset=\"https:\/\/elopoppins.com\/wp-content\/uploads\/2021\/12\/diplomeElodieS-1024x791.jpg 1024w, https:\/\/elopoppins.com\/wp-content\/uploads\/2021\/12\/diplomeElodieS-300x232.jpg 300w, https:\/\/elopoppins.com\/wp-content\/uploads\/2021\/12\/diplomeElodieS-768x594.jpg 768w, https:\/\/elopoppins.com\/wp-content\/uploads\/2021\/12\/diplomeElodieS-1536x1187.jpg 1536w, https:\/\/elopoppins.com\/wp-content\/uploads\/2021\/12\/diplomeElodieS.jpg 1920w\" sizes=\"(max-width: 1024px) 100vw, 1024px\" \/><\/figure><\/div>\n\n\n<figure class=\"wp-block-video\"><video controls src=\"https:\/\/elopoppins.com\/wp-content\/uploads\/2023\/11\/temoignageVid01.mp4\"><\/video><\/figure>\n\n\n<div class=\"wp-block-image\">\n<figure class=\"aligncenter size-full is-resized\"><img loading=\"lazy\" decoding=\"async\" src=\"https:\/\/elopoppins.com\/wp-content\/uploads\/2023\/03\/temoignage.jpeg\" alt=\"\" class=\"wp-image-1243\" width=\"446\" height=\"504\" srcset=\"https:\/\/elopoppins.com\/wp-content\/uploads\/2023\/03\/temoignage.jpeg 750w, https:\/\/elopoppins.com\/wp-content\/uploads\/2023\/03\/temoignage-265x300.jpeg 265w\" sizes=\"(max-width: 446px) 100vw, 446px\" \/><figcaption class=\"wp-element-caption\">t\u00e9moignage<\/figcaption><\/figure><\/div>","protected":false},"excerpt":{"rendered":"<p>Qu\u2019est-ce qu\u2019une s\u00e9ance de P.A.B. (Parole au b\u00e9b\u00e9)&nbsp;? C\u2019est un espace o\u00f9 l\u2019enfant peut s\u2019exprimer et \u00eatre compris.C\u2019est un moment pour lui o\u00f9 il peut transmettre ce qu\u2019il a envie gr\u00e2ce \u00e0 l\u2019aide d\u2019une traductrice.Ce n\u2019est pas un moment o\u00f9 l\u2019on va essayer de changer le comportement de l\u2019enfant ni de le soigner. Nous lui <a href=\"https:\/\/elopoppins.com\/index.php\/p-a-b-parole-au-bebe\/\" rel=\"nofollow\"><span class=\"sr-only\">En savoir plus surP.A.B. Parole Au B\u00e9b\u00e9<\/span>[&hellip;]<\/a><\/p>\n","protected":false},"author":1,"featured_media":949,"parent":0,"menu_order":0,"comment_status":"closed","ping_status":"closed","template":"","meta":{"jetpack_post_was_ever_published":false,"footnotes":""},"jetpack_sharing_enabled":true,"jetpack_shortlink":"https:\/\/wp.me\/P9hbV1-fi","_links":{"self":[{"href":"https:\/\/elopoppins.com\/index.php\/wp-json\/wp\/v2\/pages\/948"}],"collection":[{"href":"https:\/\/elopoppins.com\/index.php\/wp-json\/wp\/v2\/pages"}],"about":[{"href":"https:\/\/elopoppins.com\/index.php\/wp-json\/wp\/v2\/types\/page"}],"author":[{"embeddable":true,"href":"https:\/\/elopoppins.com\/index.php\/wp-json\/wp\/v2\/users\/1"}],"replies":[{"embeddable":true,"href":"https:\/\/elopoppins.com\/index.php\/wp-json\/wp\/v2\/comments?post=948"}],"version-history":[{"count":13,"href":"https:\/\/elopoppins.com\/index.php\/wp-json\/wp\/v2\/pages\/948\/revisions"}],"predecessor-version":[{"id":1298,"href":"https:\/\/elopoppins.com\/index.php\/wp-json\/wp\/v2\/pages\/948\/revisions\/1298"}],"wp:featuredmedia":[{"embeddable":true,"href":"https:\/\/elopoppins.com\/index.php\/wp-json\/wp\/v2\/media\/949"}],"wp:attachment":[{"href":"https:\/\/elopoppins.com\/index.php\/wp-json\/wp\/v2\/media?parent=948"}],"curies":[{"name":"wp","href":"https:\/\/api.w.org\/{rel}","templated":true}]}}