{"id":51,"date":"2017-09-03T16:56:25","date_gmt":"2017-09-03T14:56:25","guid":{"rendered":"http:\/\/elopoppins.com\/?page_id=51"},"modified":"2017-10-13T21:19:22","modified_gmt":"2017-10-13T19:19:22","slug":"methode-tipi","status":"publish","type":"page","link":"https:\/\/elopoppins.com\/index.php\/methode-tipi\/","title":{"rendered":"M\u00e9thode TIPI"},"content":{"rendered":"<p><b>M\u00e9thode TIPI:<\/b><\/p>\n<ul>\n<li>Vous voulez vous d\u00e9barrasser d\u2019une peur.<\/li>\n<li>Vous voulez vous d\u00e9barrasser d\u2019une d\u00e9pendance, affective,\u00a0alcool, tabac, nourriture, achats compulsifs.<\/li>\n<li>Vous vivez un stress au travail.<\/li>\n<li>Vous vivez une situation qui vous \u00e9nerve ou vous met mal \u00e0 l\u2019aise sur votre lieu de travail.<\/li>\n<li>Vous \u00eates en burnout, en d\u00e9pression ou en d\u00e9pression p\u00e9rinatale.<\/li>\n<li>Vous voulez prendre confiance en vous.<\/li>\n<li>Vous\u00a0voulez oser dire \u00ab\u00a0non\u00a0\u00bb.<\/li>\n<li>Vous voulez oser vous exprimer en public.<\/li>\n<li>Vous voulez arr\u00eater de\u00a0crier sur vos enfants.<\/li>\n<li>Vous voulez arr\u00eater de vous \u00e9nerver avec votre conjoint ou un ou une amie.<\/li>\n<\/ul>\n<p>&nbsp;<\/p>\n<p><img decoding=\"async\" class=\"alignnone size-full wp-image-236\" src=\"https:\/\/elopoppins.files.wordpress.com\/2017\/02\/logostipi.gif?w=900\" alt=\"\" data-large-file=\"https:\/\/elopoppins.files.wordpress.com\/2017\/02\/logostipi.gif?w=900?w=236\" data-medium-file=\"https:\/\/elopoppins.files.wordpress.com\/2017\/02\/logostipi.gif?w=900?w=236\" data-image-description=\"\" data-image-title=\"LogosTipi\" data-image-meta=\"{&quot;aperture&quot;:&quot;0&quot;,&quot;credit&quot;:&quot;&quot;,&quot;camera&quot;:&quot;&quot;,&quot;caption&quot;:&quot;&quot;,&quot;created_timestamp&quot;:&quot;0&quot;,&quot;copyright&quot;:&quot;&quot;,&quot;focal_length&quot;:&quot;0&quot;,&quot;iso&quot;:&quot;0&quot;,&quot;shutter_speed&quot;:&quot;0&quot;,&quot;title&quot;:&quot;&quot;,&quot;orientation&quot;:&quot;0&quot;}\" data-comments-opened=\"1\" data-orig-size=\"236,138\" data-orig-file=\"https:\/\/elopoppins.files.wordpress.com\/2017\/02\/logostipi.gif?w=900\" data-permalink=\"https:\/\/elopoppins.com\/accueil\/logostipi\/\" data-attachment-id=\"236\" \/><\/p>\n<p>La m\u00e9thode Tipi est une m\u00e9thode de r\u00e9gulation des \u00e9motions\u00a0qui se base sur le fait que nous avons tous une capacit\u00e9 naturelle de r\u00e9gulation des \u00e9motions.<\/p>\n<p>Cette m\u00e9thode vous permet d\u2019effacer des empreintes sensorielles qui se r\u00e9activent dans les situations qui vous mettent mal. C\u2019est une technique qui ne demande pas que l\u2019on parle. On se concentre sur les sensations du\u00a0corps. C\u2019est un avantage\u00a0notamment si la difficult\u00e9 que vous voulez travailler vous met mal \u00e0 l\u2019aise ou si vous n\u2019avez pas envie de vous \u00e9taler sur celle-ci: vous n\u2019avez m\u00eame pas besoin de l\u2019exprimer. Pour les personnes qui sont mal \u00e0 l\u2019aise avec le contact physique, je ne vous touche pas non plus, je vous dis des phrases qui vous permettent de rentrer dans votre empreinte sensorielle\u00a0.<\/p>\n<p>Les consultations se font soit par t\u00e9l\u00e9phone soit par skype ou soit \u00e0 mon cabinet \u00e0 Bavois, \u00e0 votre convenance.<\/p>\n<p>On compte trois s\u00e9ances par probl\u00e9matique, mais tout d\u00e9pend du nombre d\u2019empreintes sensorielles qui se r\u00e9activent au moment de votre difficult\u00e9.<\/p>\n","protected":false},"excerpt":{"rendered":"<p>M\u00e9thode TIPI: Vous voulez vous d\u00e9barrasser d\u2019une peur. Vous voulez vous d\u00e9barrasser d\u2019une d\u00e9pendance, affective,\u00a0alcool, tabac, nourriture, achats compulsifs. Vous vivez un stress au travail. Vous vivez une situation qui vous \u00e9nerve ou vous met mal \u00e0 l\u2019aise sur votre lieu de travail. Vous \u00eates en burnout, en d\u00e9pression ou en d\u00e9pression p\u00e9rinatale. Vous voulez <a href=\"https:\/\/elopoppins.com\/index.php\/methode-tipi\/\" rel=\"nofollow\"><span class=\"sr-only\">En savoir plus surM\u00e9thode TIPI<\/span>[&hellip;]<\/a><\/p>\n","protected":false},"author":1,"featured_media":0,"parent":0,"menu_order":0,"comment_status":"closed","ping_status":"closed","template":"","meta":{"jetpack_post_was_ever_published":false,"footnotes":""},"jetpack_sharing_enabled":true,"jetpack_shortlink":"https:\/\/wp.me\/P9hbV1-P","_links":{"self":[{"href":"https:\/\/elopoppins.com\/index.php\/wp-json\/wp\/v2\/pages\/51"}],"collection":[{"href":"https:\/\/elopoppins.com\/index.php\/wp-json\/wp\/v2\/pages"}],"about":[{"href":"https:\/\/elopoppins.com\/index.php\/wp-json\/wp\/v2\/types\/page"}],"author":[{"embeddable":true,"href":"https:\/\/elopoppins.com\/index.php\/wp-json\/wp\/v2\/users\/1"}],"replies":[{"embeddable":true,"href":"https:\/\/elopoppins.com\/index.php\/wp-json\/wp\/v2\/comments?post=51"}],"version-history":[{"count":4,"href":"https:\/\/elopoppins.com\/index.php\/wp-json\/wp\/v2\/pages\/51\/revisions"}],"predecessor-version":[{"id":158,"href":"https:\/\/elopoppins.com\/index.php\/wp-json\/wp\/v2\/pages\/51\/revisions\/158"}],"wp:attachment":[{"href":"https:\/\/elopoppins.com\/index.php\/wp-json\/wp\/v2\/media?parent=51"}],"curies":[{"name":"wp","href":"https:\/\/api.w.org\/{rel}","templated":true}]}}