{"id":165,"date":"2017-10-16T13:17:14","date_gmt":"2017-10-16T11:17:14","guid":{"rendered":"http:\/\/elopoppins.com\/?page_id=165"},"modified":"2022-11-09T14:37:58","modified_gmt":"2022-11-09T13:37:58","slug":"video","status":"publish","type":"page","link":"https:\/\/elopoppins.com\/index.php\/video\/","title":{"rendered":"M\u00e9dias"},"content":{"rendered":"\n<h2 class=\"wp-block-heading\">une partie de toi.<\/h2>\n\n\n\n<figure class=\"wp-block-image size-full\"><img loading=\"lazy\" decoding=\"async\" width=\"600\" height=\"400\" src=\"https:\/\/elopoppins.com\/wp-content\/uploads\/2022\/11\/hutte.jpg\" alt=\"\" class=\"wp-image-1195\" srcset=\"https:\/\/elopoppins.com\/wp-content\/uploads\/2022\/11\/hutte.jpg 600w, https:\/\/elopoppins.com\/wp-content\/uploads\/2022\/11\/hutte-300x200.jpg 300w\" sizes=\"(max-width: 600px) 100vw, 600px\" \/><\/figure>\n\n\n\n<figure class=\"wp-block-audio\"><audio controls src=\"https:\/\/elopoppins.com\/wp-content\/uploads\/2022\/11\/unePartieDeToi.mp3\"><\/audio><\/figure>\n\n\n\n<h2 class=\"wp-block-heading\">interview sur la P.A.B sur LFM<\/h2>\n\n\n\n<figure class=\"wp-block-audio\"><audio controls src=\"https:\/\/elopoppins.com\/wp-content\/uploads\/2022\/04\/interviewLFM.mp3\"><\/audio><figcaption>r\u00e9\u00e9coutez mon interview du 26 avril 2022 \u00e0 propos de la P.A.B. sur LFM <\/figcaption><\/figure>\n\n\n\n<hr class=\"wp-block-separator\"\/>\n\n\n<p>Voil\u00e0 ma vid\u00e9o sur le th\u00e8me du d\u00e9veloppement de l&rsquo;estime de soi. Elle dure 32 minutes. Ca vaut la peine de la regarder dans son entier pour avoir une id\u00e9e globale de ce que vous pouvez faire pour le bon d\u00e9veloppement de votre enfant, pour qu&rsquo;il puisse avoir une vie d&rsquo;adulte sereine et \u00e9panouie.<\/p>\n<p>Elle n&rsquo;est pas compl\u00e8te, on peut aller bien plus au fond du sujet, c&rsquo;est pourquoi je vous invite \u00e9galement \u00e0 lire \u00ab\u00a0J&rsquo;aide mon enfant \u00e0 d\u00e9velopper son estime de soi\u00a0\u00bb de Bruno Hourst. Et si vous avez une question, n&rsquo;h\u00e9sitez pas \u00e0 me contacter.<\/p>\n<p>Je vous sugg\u00e8re de choisir, parmi ce que je vous propose, ce qui vous convient et de laisser le reste, vous savez mieux que quiconque ce qui est bien pour votre enfant ou non.<\/p>\n<p>Ne culpabilisez pas si vous n&rsquo;arrivez pas toujours \u00e0 appliquer les principes \u00e9ducatifs que vous avez choisis. En tant que parent, on compose avec le stress, la fatigue, notre propre \u00e9ducation etc&#8230; Vous faites de votre mieux et vous avez, tout comme vos enfants, le droit \u00e0 l&rsquo;erreur.<\/p>\n<p>Bon visionnage.<\/p>\n<p>&nbsp;<\/p>\n<p><span class=\"embed-youtube\" style=\"text-align:center; display: block;\"><iframe loading=\"lazy\" class=\"youtube-player\" width=\"640\" height=\"360\" src=\"https:\/\/www.youtube.com\/embed\/4W9PKQgN5EU?version=3&#038;rel=1&#038;showsearch=0&#038;showinfo=1&#038;iv_load_policy=1&#038;fs=1&#038;hl=fr-FR&#038;autohide=2&#038;wmode=transparent\" allowfullscreen=\"true\" style=\"border:0;\" sandbox=\"allow-scripts allow-same-origin allow-popups allow-presentation\"><\/iframe><\/span><\/p>\n<p>&nbsp;<\/p>\n\n\n<p><\/p>\n","protected":false},"excerpt":{"rendered":"<p>une partie de toi. interview sur la P.A.B sur LFM Voil\u00e0 ma vid\u00e9o sur le th\u00e8me du d\u00e9veloppement de l&rsquo;estime de soi. Elle dure 32 minutes. Ca vaut la peine de la regarder dans son entier pour avoir une id\u00e9e globale de ce que vous pouvez faire pour le bon d\u00e9veloppement de votre enfant, pour <a href=\"https:\/\/elopoppins.com\/index.php\/video\/\" rel=\"nofollow\"><span class=\"sr-only\">En savoir plus surM\u00e9dias<\/span>[&hellip;]<\/a><\/p>\n","protected":false},"author":1,"featured_media":0,"parent":0,"menu_order":0,"comment_status":"closed","ping_status":"closed","template":"","meta":{"jetpack_post_was_ever_published":false,"footnotes":""},"jetpack_sharing_enabled":true,"jetpack_shortlink":"https:\/\/wp.me\/P9hbV1-2F","_links":{"self":[{"href":"https:\/\/elopoppins.com\/index.php\/wp-json\/wp\/v2\/pages\/165"}],"collection":[{"href":"https:\/\/elopoppins.com\/index.php\/wp-json\/wp\/v2\/pages"}],"about":[{"href":"https:\/\/elopoppins.com\/index.php\/wp-json\/wp\/v2\/types\/page"}],"author":[{"embeddable":true,"href":"https:\/\/elopoppins.com\/index.php\/wp-json\/wp\/v2\/users\/1"}],"replies":[{"embeddable":true,"href":"https:\/\/elopoppins.com\/index.php\/wp-json\/wp\/v2\/comments?post=165"}],"version-history":[{"count":8,"href":"https:\/\/elopoppins.com\/index.php\/wp-json\/wp\/v2\/pages\/165\/revisions"}],"predecessor-version":[{"id":1199,"href":"https:\/\/elopoppins.com\/index.php\/wp-json\/wp\/v2\/pages\/165\/revisions\/1199"}],"wp:attachment":[{"href":"https:\/\/elopoppins.com\/index.php\/wp-json\/wp\/v2\/media?parent=165"}],"curies":[{"name":"wp","href":"https:\/\/api.w.org\/{rel}","templated":true}]}}